{"id":4725,"date":"2021-02-10T02:33:27","date_gmt":"2021-02-10T02:33:27","guid":{"rendered":"https:\/\/twin-mac.com\/hakkimizda\/"},"modified":"2025-02-12T00:00:52","modified_gmt":"2025-02-12T00:00:52","slug":"hakkimizda","status":"publish","type":"page","link":"https:\/\/twin-mac.com\/tr\/hakkimizda\/","title":{"rendered":"Hakk\u0131m\u0131zda"},"content":{"rendered":"<div class=\"wpb-content-wrapper\"><p>[vc_row wrap_container=&#8221;yes&#8221; el_class=&#8221;pt-3 mt-4&#8243;][vc_column][vc_custom_heading text=&#8221;Dental i\u015fletmeniz i\u00e7in en sofistike makineleri ve \u00e7\u00f6z\u00fcmleri sunuyoruz&#8221; font_container=&#8221;tag:h2|font_size:35px|text_align:left|line_height:1.3&#8243; use_theme_fonts=&#8221;yes&#8221; css=&#8221;&#8221; letter_spacing=&#8221;-1.75px&#8221; animation_delay=&#8221;250&#8243; el_class=&#8221;text-transform-none font-weight-semibold mb-4 mb-lg-3 mb-xl-4&#8243; animation_type=&#8221;fadeInUp&#8221;][vc_custom_heading text=&#8221;Merkezi \u0130zmir\/T\u00fcrkiye&apos;de bulunan twinMAC, \u00e7ok k\u00fclt\u00fcrl\u00fc ve \u00e7ok dilli bir yap\u0131 g\u00f6stermektedir. twinMAC, CAD\/CAM sistemleri ve robotik entegrasyonlar\u0131 geli\u015ftirmek i\u00e7in yaz\u0131l\u0131m m\u00fchendislerinden olu\u015fan ekiplere ve end\u00fcstriyel d\u00fczeyde makine \u00fcretimi i\u00e7in mekanik \/ mekatronik m\u00fchendislerinden olu\u015fan ekiplere sahiptir.&#8221; font_container=&#8221;tag:p|font_size:15.4px|text_align:left&#8221; use_theme_fonts=&#8221;yes&#8221; css=&#8221;&#8221; animation_delay=&#8221;500&#8243; animation_type=&#8221;fadeInUp&#8221;][vc_custom_heading text=&#8221;Di\u015f hekimleri\/di\u015f teknisyenleri taraf\u0131ndan i\u015fletilen twinMAC, dijital end\u00fcstriyi ve modern di\u015f hekimli\u011fini bu disiplinler aras\u0131 uzmanl\u0131kla bir araya getirmekte ve d\u00fcnya \u00e7ap\u0131ndaki t\u00fcm di\u015f hekimlerinin kullan\u0131m\u0131na sunmaktad\u0131r.<\/p>\n<p>twinMAC makineleri ve \u00e7\u00f6z\u00fcmleri, daha &quot;ak\u0131ll\u0131&quot; bir \u00fcretim i\u00e7in End\u00fcstri 4.0&apos;\u0131n hizmetindedir. D\u00fcnya \u00e7ap\u0131ndaki di\u015f hekimlerine g\u00f6n\u00fcl rahatl\u0131\u011f\u0131 sa\u011flamak amac\u0131yla makinelerimizi geli\u015ftirmek i\u00e7in en son teknoloji standartlar\u0131n\u0131 kullan\u0131yoruz.&#8221; font_container=&#8221;tag:p|text_align:left&#8221; use_theme_fonts=&#8221;yes&#8221; css=&#8221;&#8221; animation_delay=&#8221;750&#8243; animation_type=&#8221;fadeInUp&#8221; el_class=&#8221;m-b-lg pb-2&#8243;][\/vc_column][\/vc_row][vc_row wrap_container=&#8221;yes&#8221; gap=&#8221;20&#8243; content_placement=&#8221;middle&#8221; el_class=&#8221;m-b-lg&#8221; css=&#8221;.vc_custom_1653107054937{padding-top: 10px !important;padding-bottom: 33px !important;}&#8221; conditional_render=&#8221;%5B%7B%22value_role%22%3A%22administrator%22%7D%5D&#8221;][vc_column offset=&#8221;vc_col-lg-7 vc_col-md-6&#8243; el_class=&#8221;mb-lg-0 mb-4&#8243;][vc_row_inner content_placement=&#8221;middle&#8221; el_class=&#8221;custom-gutter-sm&#8221;][vc_column_inner el_class=&#8221;col-auto mb-md-0 mb-4&#8243; width=&#8221;1\/2&#8243; animation_delay=&#8221;1000&#8243; offset=&#8221;vc_col-xs-12&#8243; animation_type=&#8221;fadeInLeft&#8221;]<div class=\"porto-sicon-box mb-0 custom-info-style  wpb_custom_860683fe6d5975d7b2cff563f7366f5c style_1 default-icon\"><div class=\"porto-sicon-default\"><div class=\"porto-just-icon-wrapper porto-sicon-img  porto-icon-9f5d1cfb45d27d96b50bf473aebba227\" style=\"font-size: 63px;margin-right:16px;\"><img loading=\"lazy\" decoding=\"async\" class=\"img-icon\" alt=\"logo\" src=\"https:\/\/twin-mac.com\/wp-content\/uploads\/2022\/11\/p-icon.jpg\" width=\"63\" height=\"63\" \/><\/div><\/div><div class=\"porto-sicon-header\"><h3 class=\"porto-sicon-title\" style=\"font-weight:700;font-size:38.5px;color:#212529;line-height:26px;letter-spacing:0;margin-bottom:0px;\">260+<\/h3><p style=\"font-weight:700;font-size:14px;line-height:26px;color:#212529;\">\u00d6zelle\u015ftirilmi\u015f Bile\u015fenler<\/p><\/div> <!-- header --><\/div><!-- porto-sicon-box -->[\/vc_column_inner][vc_column_inner el_class=&#8221;p-l-sm p-r-sm&#8221; width=&#8221;2\/3&#8243; animation_delay=&#8221;1200&#8243; offset=&#8221;vc_col-xs-12&#8243; animation_type=&#8221;fadeInLeft&#8221;][vc_custom_heading text=&#8221;100 kurum i\u00e7i m\u00fchendisli\u011fimiz sayesinde, \u00f6zelle\u015ftirilmi\u015f par\u00e7alar\u0131m\u0131z \/ bile\u015fenlerimiz \u00fczerinde tam kontrole sahibiz.&#8221; font_container=&#8221;tag:p|text_align:left&#8221; use_theme_fonts=&#8221;yes&#8221; css=&#8221;.vc_custom_1723376562832{border-left-width: 12px !important;padding-top: 4px !important;padding-right: 16px !important;padding-bottom: 8px !important;padding-left: 16px !important;border-left-style: solid !important;border-color: #f3f3f3 !important;}&#8221; el_class=&#8221;mb-0&#8243;][\/vc_column_inner][\/vc_row_inner][\/vc_column][vc_column offset=&#8221;vc_col-lg-5 vc_col-md-6&#8243; el_class=&#8221;custom-gutter-sm&#8221;][vc_btn title=&#8221;Bize Ula\u015f\u0131n&#8221; css=&#8221;&#8221; skin=&#8221;dark&#8221; btn_fs=&#8221;0.9625rem&#8221; btn_fw=&#8221;600&#8243; btn_ls=&#8221;0&#8243; animation_delay=&#8221;1600&#8243; link=&#8221;url:https%3A%2F%2Ftwin-mac.com%2Ftr%2Fbize-ulasin%2F|title:Bize%20Ula%C5%9F%C4%B1n|&#8221; el_class=&#8221;custom-btn-style-1 mb-0 col-auto&#8221; btn_px=&#8221;20px&#8221; btn_py=&#8221;12px&#8221; animation_type=&#8221;fadeInLeft&#8221; css_params=&#8221;&#8221;]<a aria-label=\"+90 (232) 400 4050\" class=\"porto-sicon-box-link\" href=\"tel:1234567890\"><div class=\"porto-sicon-box col-auto mb-0 text-color-hover-primary mt-4 mt-sm-0  wpb_custom_860683fe6d5975d7b2cff563f7366f5c style_1 default-icon\" data-appear-animation=\"fadeInLeft\" data-appear-animation-delay=\"1800\"><div class=\"porto-sicon-default\"><div class=\"porto-just-icon-wrapper porto-icon none\" style=\"color:#212529;font-size:25px;margin-right:8px;\"><i class=\"porto-icon-phone-call\"><\/i><\/div><\/div><div class=\"porto-sicon-header\"><h3 class=\"porto-sicon-title\" style=\"font-weight:600;font-size:14px;color:#212529;letter-spacing:0;\">+90 (232) 400 4050<\/h3><\/div> <!-- header --><\/div><!-- porto-sicon-box --><\/a>[\/vc_column][\/vc_row][vc_row wrap_container=&#8221;yes&#8221; gap=&#8221;20&#8243;][vc_column width=&#8221;1\/2&#8243; el_class=&#8221;mb-4 mb-md-0 custom-height-1 custom-width-1&#8243; offset=&#8221;vc_col-xs-12&#8243;][vc_single_image image=&#8221;4328&#8243; img_size=&#8221;full&#8221; css=&#8221;&#8221; el_class=&#8221;custom-box-shadow-1 mb-0&#8243;][\/vc_column][vc_column width=&#8221;1\/4&#8243; offset=&#8221;vc_col-xs-6&#8243; el_class=&#8221;custom-height-1 custom-width-1&#8243;][vc_single_image image=&#8221;4330&#8243; img_size=&#8221;full&#8221; css=&#8221;&#8221; el_class=&#8221;custom-box-shadow-1 mb-0&#8243;][\/vc_column][vc_column width=&#8221;1\/4&#8243; offset=&#8221;vc_col-xs-6&#8243; el_class=&#8221;custom-width-1 custom-height-2 custom-height-1&#8243;][vc_single_image image=&#8221;4332&#8243; img_size=&#8221;full&#8221; css=&#8221;&#8221; animation_delay=&#8221;200&#8243; el_class=&#8221;mb-4 custom-box-shadow-1&#8243; animation_type=&#8221;fadeInRight&#8221;][vc_single_image image=&#8221;4334&#8243; img_size=&#8221;full&#8221; css=&#8221;&#8221; animation_delay=&#8221;200&#8243; animation_type=&#8221;fadeInRight&#8221; el_class=&#8221;custom-box-shadow-1 mb-0&#8243;][\/vc_column][\/vc_row][vc_row css=&#8221;.vc_custom_1653107094288{margin-top: 127px !important;margin-bottom: 36px !important;}&#8221; conditional_render=&#8221;%5B%7B%22value_role%22%3A%22administrator%22%7D%5D&#8221;][vc_column]<div class=\"porto-carousel owl-carousel has-ccols ccols-xl-7 ccols-lg-5 ccols-md-3 ccols-sm-3 ccols-1 custom-carousel-1 carousel-center-active-item custom-dot-type-1 wpb_custom_137e3b0268c8745a6d85cbab9a109485\" data-plugin-options=\"{&quot;themeConfig&quot;:true,&quot;stagePadding&quot;:0,&quot;margin&quot;:0,&quot;autoplay&quot;:false,&quot;mouseDrag&quot;:true,&quot;touchDrag&quot;:true,&quot;autoplayTimeout&quot;:5000,&quot;autoplayHoverPause&quot;:false,&quot;items&quot;:7,&quot;xl&quot;:7,&quot;lg&quot;:5,&quot;md&quot;:3,&quot;sm&quot;:3,&quot;xs&quot;:1,&quot;nav&quot;:false,&quot;dots&quot;:&quot;yes&quot;,&quot;animateIn&quot;:&quot;fadeIn&quot;,&quot;animateOut&quot;:&quot;&quot;,&quot;loop&quot;:&quot;yes&quot;,&quot;center&quot;:&quot;yes&quot;,&quot;video&quot;:false,&quot;lazyLoad&quot;:false,&quot;fullscreen&quot;:false}\">[vc_single_image image=&#8221;4247&#8243; img_size=&#8221;full&#8221; alignment=&#8221;center&#8221; css=&#8221;.vc_custom_1723376635717{padding-right: 10px !important;padding-left: 10px !important;}&#8221; el_class=&#8221;mw-140&#8243;][vc_single_image image=&#8221;4234&#8243; img_size=&#8221;full&#8221; alignment=&#8221;center&#8221; css=&#8221;.vc_custom_1723376660232{padding-right: 10px !important;padding-left: 10px !important;}&#8221; el_class=&#8221;mw-100&#8243;][vc_single_image image=&#8221;4232&#8243; img_size=&#8221;full&#8221; alignment=&#8221;center&#8221; css=&#8221;.vc_custom_1723376684709{padding-right: 10px !important;padding-left: 10px !important;}&#8221; el_class=&#8221;mw-90&#8243;][vc_single_image image=&#8221;4230&#8243; img_size=&#8221;full&#8221; alignment=&#8221;center&#8221; css=&#8221;.vc_custom_1723376703732{padding-right: 10px !important;padding-left: 10px !important;}&#8221; el_class=&#8221;mw-100&#8243;][vc_single_image image=&#8221;4228&#8243; img_size=&#8221;full&#8221; alignment=&#8221;center&#8221; css=&#8221;.vc_custom_1723376731462{padding-right: 10px !important;padding-left: 10px !important;}&#8221; el_class=&#8221;mw-100&#8243;][vc_single_image image=&#8221;4226&#8243; img_size=&#8221;full&#8221; alignment=&#8221;center&#8221; css=&#8221;.vc_custom_1723376768973{padding-right: 10px !important;padding-left: 10px !important;}&#8221; el_class=&#8221;mw-100&#8243;][vc_single_image image=&#8221;4224&#8243; img_size=&#8221;full&#8221; alignment=&#8221;center&#8221; css=&#8221;.vc_custom_1723376816592{padding-right: 10px !important;padding-left: 10px !important;}&#8221; el_class=&#8221;mw-90&#8243;][vc_single_image image=&#8221;4222&#8243; img_size=&#8221;full&#8221; alignment=&#8221;center&#8221; css=&#8221;.vc_custom_1723377004488{padding-right: 10px !important;padding-left: 10px !important;}&#8221; el_class=&#8221;mw-90&#8243;]<\/div>[\/vc_column][\/vc_row][vc_section top_divider_type=&#8221;custom&#8221; top_divider_custom=&#8221;JTNDc3ZnJTIweG1sbnMlM0QlMjJodHRwJTNBJTJGJTJGd3d3LnczLm9yZyUyRjIwMDAlMkZzdmclMjIlMjB4bWxucyUzQXhsaW5rJTNEJTIyaHR0cCUzQSUyRiUyRnd3dy53My5vcmclMkYxOTk5JTJGeGxpbmslMjIlMjBwcmVzZXJ2ZUFzcGVjdFJhdGlvJTNEJTIybm9uZSUyMiUyMHZpZXdCb3glM0QlMjIwJTIwMCUyMDE5MjAlMjAxMjMlMjIlMjB4JTNEJTIyMHB4JTIyJTIweSUzRCUyMjBweCUyMiUzRSUzQ3BvbHlnb24lMjBmaWxsJTNEJTIyJTIzRjNGM0YzJTIyJTIwcG9pbnRzJTNEJTIyMCUyQzkwJTIwMjIxJTJDNjAlMjA1NjMlMkM4OCUyMDkzMSUyQzM1JTIwMTQwOCUyQzkzJTIwMTkyMCUyQzQxJTIwMTkyMCUyQy0xJTIwMCUyQy0xJTIwJTIyJTNFJTIwJTIwJTIwJTIwJTNDJTJGcG9seWdvbiUzRSUzQ3BvbHlnb24lMjBmaWxsJTNEJTIyJTIzRkZGRkZGJTIyJTIwcG9pbnRzJTNEJTIyMCUyQzc1JTIwMjE5JTJDNDQlMjA1NjMlMkM3MiUyMDkzMCUyQzE5JTIwMTQwOCUyQzc3JTIwMTkyMCUyQzI1JTIwMTkyMCUyQy0xJTIwMCUyQy0xJTIwJTIyJTNFJTIwJTIwJTIwJTIwJTNDJTJGcG9seWdvbiUzRSUzQyUyRnN2ZyUzRQ==&#8221; bottom_divider_type=&#8221;custom&#8221; bottom_divider_custom=&#8221;JTNDc3ZnJTIweG1sbnMlM0QlMjJodHRwJTNBJTJGJTJGd3d3LnczLm9yZyUyRjIwMDAlMkZzdmclMjIlMjB4bWxucyUzQXhsaW5rJTNEJTIyaHR0cCUzQSUyRiUyRnd3dy53My5vcmclMkYxOTk5JTJGeGxpbmslMjIlMjBwcmVzZXJ2ZUFzcGVjdFJhdGlvJTNEJTIybm9uZSUyMiUyMHZpZXdCb3glM0QlMjIwJTIwMCUyMDE5MjAlMjAxMjMlMjIlMjB4JTNEJTIyMHB4JTIyJTIweSUzRCUyMjBweCUyMiUzRSUzQ3BvbHlnb24lMjBmaWxsJTNEJTIyJTIzRjNGM0YzJTIyJTIwcG9pbnRzJTNEJTIyMCUyQzkwJTIwMjIxJTJDNjAlMjA1NjMlMkM4OCUyMDkzMSUyQzM1JTIwMTQwOCUyQzkzJTIwMTkyMCUyQzQxJTIwMTkyMCUyQy0xJTIwMCUyQy0xJTIwJTIyJTNFJTIwJTIwJTIwJTIwJTNDJTJGcG9seWdvbiUzRSUzQ3BvbHlnb24lMjBmaWxsJTNEJTIyJTIzRkZGRkZGJTIyJTIwcG9pbnRzJTNEJTIyMCUyQzc1JTIwMjE5JTJDNDQlMjA1NjMlMkM3MiUyMDkzMCUyQzE5JTIwMTQwOCUyQzc3JTIwMTkyMCUyQzI1JTIwMTkyMCUyQy0xJTIwMCUyQy0xJTIwJTIyJTNFJTIwJTIwJTIwJTIwJTNDJTJGcG9seWdvbiUzRSUzQyUyRnN2ZyUzRQ==&#8221; bottom_divider_invert=&#8221;true&#8221; top_divider_height=&#8221;123&#8243; conditional_render=&#8221;%5B%7B%22value_role%22%3A%22administrator%22%7D%5D&#8221; bottom_divider_height=&#8221;123&#8243;][vc_row wrap_container=&#8221;yes&#8221; content_placement=&#8221;middle&#8221; el_class=&#8221;position-relative overflow-hidden&#8221; css=&#8221;.vc_custom_1613993391730{padding-top: 10.4230769231rem !important;padding-bottom: 9.323077rem !important;background-color: #ededed !important;}&#8221;][vc_column offset=&#8221;vc_col-md-7&#8243;][vc_custom_heading text=&#8221;Di\u015f Uzmanlar\u0131ndan Di\u015f Profesyonellerine&#8221; font_container=&#8221;tag:h2|font_size:35px|text_align:left|line_height:1.3&#8243; use_theme_fonts=&#8221;yes&#8221; css=&#8221;&#8221; font_weight=&#8221;600&#8243; letter_spacing=&#8221;-0.05em&#8221; el_class=&#8221;mb-4&#8243;][vc_custom_heading text=&#8221;twinMAC, dental profesyonellere gelece\u011fin \u00e7\u00f6z\u00fcmlerini sunmak i\u00e7in ge\u00e7mi\u015fin uzmanl\u0131\u011f\u0131n\u0131 ve son teknolojilerin g\u00fczelli\u011fini bir araya getiriyor.&#8221; font_container=&#8221;tag:p|font_size:15.4px|text_align:left&#8221; use_theme_fonts=&#8221;yes&#8221; css=&#8221;&#8221; el_class=&#8221;pb-3 mb-4&#8243;][vc_progress_bar values=&#8221;%5B%7B%22label%22%3A%22YEARS%20IN%20DENTAL%20CAD%2FCAM%22%2C%22value%22%3A%2223%22%7D%2C%7B%22label%22%3A%22YEARS%20IN%20DENTAL%20BUSINESS%22%2C%22value%22%3A%2228%22%7D%2C%7B%22label%22%3A%22YEARS%20IN%20SUBTRACTIVE-MANUFACTURING%22%2C%22value%22%3A%2217%22%7D%2C%7B%22label%22%3A%22YEARS%20IN%20ADDITIVE-MANUFACTURING%22%2C%22value%22%3A%2219%22%7D%5D&#8221; bgcolor=&#8221;custom&#8221; size=&#8221;sm&#8221; tooltip=&#8221;&#8221; percent_align=&#8221;\/&#8221; css=&#8221;&#8221; units=&#8221;years&#8221; custombgcolor=&#8221;#8ebe23&#8243; el_class=&#8221;mb-4&#8243; css_params=&#8221;&#8221;][\/vc_column][vc_column offset=&#8221;vc_col-md-5&#8243;][vc_single_image image=&#8221;4186&#8243; img_size=&#8221;full&#8221; alignment=&#8221;center&#8221; css=&#8221;&#8221; el_class=&#8221;mb-0&#8243; css_params=&#8221;&#8221;][\/vc_column][\/vc_row][\/vc_section][vc_row wrap_container=&#8221;yes&#8221; el_class=&#8221;py-5 mb-5&#8243;][vc_column][vc_tabs position=&#8221;top-center&#8221; type=&#8221;tabs-simple&#8221; el_class=&#8221;custom-tab mb-0&#8243; color=&#8221;var(&#8211;porto-tertiary-color)&#8221;][vc_tab title=&#8221;Manifesto&#8221; tab_id=&#8221;c676ec45-a825-5&#8243;][vc_custom_heading text=&#8221;Di\u015f hekimli\u011finin gelece\u011fi dijitaldir. twinMAC freze makineleri ile her zamankinden daha heyecan verici!&#8221; font_container=&#8221;tag:p|font_size:15.4px|text_align:center&#8221; use_theme_fonts=&#8221;yes&#8221; css=&#8221;&#8221; el_class=&#8221;m-b-md&#8221;][vc_custom_heading text=&#8221;Ama bu &quot;dijital di\u015f hekimli\u011fi&quot; mi? twinMAC&apos;in bak\u0131\u015f a\u00e7\u0131s\u0131ndan: Ger\u00e7ek zamanl\u0131 ve \u00e7evrimi\u00e7i klinik-laboratuvar-hasta ileti\u015fimini sa\u011flayan \u00e7ok disiplinli dijital analiz-tasar\u0131m-\u00fcretim yetenekleri sa\u011flayan bir dizi yaz\u0131l\u0131m\/donan\u0131m\/malzeme entegrasyonudur.&#8221; font_container=&#8221;tag:p|text_align:center&#8221; use_theme_fonts=&#8221;yes&#8221; css=&#8221;&#8221; el_class=&#8221;m-b-md&#8221;][\/vc_tab][vc_tab title=&#8221;Vizyon&#8221; tab_id=&#8221;18415a4a-c3b2-2&#8243;][vc_custom_heading text=&#8221;twinMAC, disiplinler aras\u0131 uzmanl\u0131\u011f\u0131 ile dijital end\u00fcstri ve modern di\u015f hekimli\u011fini bir araya getiriyor. Fakat &quot;machina aeterna&quot; nedir?&#8221; font_container=&#8221;tag:p|font_size:15.4px|text_align:center&#8221; use_theme_fonts=&#8221;yes&#8221; css=&#8221;&#8221; el_class=&#8221;m-b-md&#8221;][vc_custom_heading text=&#8221;&quot;Machina aeterna&quot; vizyonumuz, makine\/yaz\u0131l\u0131m\/malzemelerin sa\u011flam entegrasyonundan kaynaklanmaktad\u0131r. H\u0131zl\u0131 geri d\u00f6n\u00fc\u015f s\u00fcrelerine sahip kozmetik dental uygulamalara olan talep h\u0131zla artarken, dental profesyoneller g\u00fcvenebilecekleri &#8220;sistemlere&#8220; ihtiya\u00e7 duymaktad\u0131r. twinMAC sistemleri 7\/24 esas\u0131na g\u00f6re servis kesintisi olmadan hizmet verecek \u015fekilde tasarlanm\u0131\u015ft\u0131r. twinMAC&apos;in donan\u0131m\/yaz\u0131l\u0131m \u00e7\u00f6z\u00fcmlerinin t\u00fcm mimarisi bu felsefe ile olu\u015fturulmu\u015ftur&#8221; font_container=&#8221;tag:p|text_align:center&#8221; use_theme_fonts=&#8221;yes&#8221; css=&#8221;&#8221; el_class=&#8221;m-b-md&#8221;][\/vc_tab][vc_tab title=&#8221;G\u00f6rev&#8221; tab_id=&#8221;1613658067791-2-1&#8243;][vc_custom_heading text=&#8221;Misyonumuz, dental d\u00fcnyan\u0131n dijital gelece\u011fe ge\u00e7i\u015fini h\u0131zland\u0131rmakt\u0131r&#8230; hem de &quot;s\u00fcrd\u00fcr\u00fclebilir&quot; bir \u015fekilde.&#8221; font_container=&#8221;tag:p|font_size:15.4px|text_align:center&#8221; use_theme_fonts=&#8221;yes&#8221; css=&#8221;&#8221; el_class=&#8221;m-b-md&#8221;][vc_custom_heading text=&#8221;Sorumlu \u00fcretim h\u0131zla standard\u0131m\u0131z haline geldi ve bunu Yeni Normal olarak kabul ediyoruz. twinMAC olarak, do\u011fa dostu \u00e7\u00f6z\u00fcmler ve \u00fcretim s\u00fcre\u00e7leri geli\u015ftirmek i\u00e7in \u00f6nemli miktarda RND \u00e7abas\u0131 harc\u0131yoruz.&#8221; font_container=&#8221;tag:p|text_align:center&#8221; use_theme_fonts=&#8221;yes&#8221; css=&#8221;&#8221; el_class=&#8221;m-b-md&#8221;][\/vc_tab][\/vc_tabs][\/vc_column][\/vc_row]<\/p>\n<\/div>","protected":false},"excerpt":{"rendered":"<p>[vc_row wrap_container=&#8221;yes&#8221; el_class=&#8221;pt-3 mt-4&#8243;][vc_column][vc_custom_heading text=&#8221;Dental i\u015fletmeniz i\u00e7in en sofistike makineleri ve \u00e7\u00f6z\u00fcmleri sunuyoruz&#8221; font_container=&#8221;tag:h2|font_size:35px|text_align:left|line_height:1.3&#8243; use_theme_fonts=&#8221;yes&#8221; css=&#8221;&#8221; letter_spacing=&#8221;-1.75px&#8221; animation_delay=&#8221;250&#8243; el_class=&#8221;text-transform-none font-weight-semibold mb-4 mb-lg-3 mb-xl-4&#8243; animation_type=&#8221;fadeInUp&#8221;][vc_custom_heading text=&#8221;Merkezi \u0130zmir\/T\u00fcrkiye&apos;de bulunan twinMAC, \u00e7ok k\u00fclt\u00fcrl\u00fc ve \u00e7ok dilli bir yap\u0131 g\u00f6stermektedir. twinMAC, CAD\/CAM sistemleri ve robotik entegrasyonlar\u0131 geli\u015ftirmek i\u00e7in yaz\u0131l\u0131m m\u00fchendislerinden olu\u015fan ekiplere ve end\u00fcstriyel d\u00fczeyde makine \u00fcretimi i\u00e7in mekanik [&hellip;]<\/p>\n","protected":false},"author":1,"featured_media":0,"parent":0,"menu_order":0,"comment_status":"closed","ping_status":"closed","template":"","meta":{"_acf_changed":false,"_seopress_robots_primary_cat":"","_seopress_titles_title":"","_seopress_titles_desc":"","_seopress_robots_index":"","footnotes":""},"class_list":["post-4725","page","type-page","status-publish","hentry"],"acf":[],"_links":{"self":[{"href":"https:\/\/twin-mac.com\/tr\/wp-json\/wp\/v2\/pages\/4725","targetHints":{"allow":["GET"]}}],"collection":[{"href":"https:\/\/twin-mac.com\/tr\/wp-json\/wp\/v2\/pages"}],"about":[{"href":"https:\/\/twin-mac.com\/tr\/wp-json\/wp\/v2\/types\/page"}],"author":[{"embeddable":true,"href":"https:\/\/twin-mac.com\/tr\/wp-json\/wp\/v2\/users\/1"}],"replies":[{"embeddable":true,"href":"https:\/\/twin-mac.com\/tr\/wp-json\/wp\/v2\/comments?post=4725"}],"version-history":[{"count":8,"href":"https:\/\/twin-mac.com\/tr\/wp-json\/wp\/v2\/pages\/4725\/revisions"}],"predecessor-version":[{"id":4758,"href":"https:\/\/twin-mac.com\/tr\/wp-json\/wp\/v2\/pages\/4725\/revisions\/4758"}],"wp:attachment":[{"href":"https:\/\/twin-mac.com\/tr\/wp-json\/wp\/v2\/media?parent=4725"}],"curies":[{"name":"wp","href":"https:\/\/api.w.org\/{rel}","templated":true}]}}